{"id":406,"date":"2016-09-27T09:51:22","date_gmt":"2016-09-27T09:51:22","guid":{"rendered":"http:\/\/fitness2.mythemecloud.io\/?page_id=406"},"modified":"2023-08-14T11:16:18","modified_gmt":"2023-08-14T14:16:18","slug":"studio","status":"publish","type":"page","link":"https:\/\/aroga.com.br\/?page_id=406","title":{"rendered":"Studio"},"content":{"rendered":"\t\t<div data-elementor-type=\"wp-post\" data-elementor-id=\"406\" class=\"elementor elementor-406\">\n\t\t\t\t\t\t\t\t\t<section class=\"elementor-section elementor-top-section elementor-element elementor-element-ybrx6zd elementor-section-content-middle elementor-section-boxed elementor-section-height-default elementor-section-height-default\" data-id=\"ybrx6zd\" data-element_type=\"section\">\n\t\t\t\t\t\t<div class=\"elementor-container elementor-column-gap-default\">\n\t\t\t\t\t<div class=\"elementor-column elementor-col-50 elementor-top-column elementor-element elementor-element-nm7wyr2\" data-id=\"nm7wyr2\" data-element_type=\"column\">\n\t\t\t<div class=\"elementor-widget-wrap elementor-element-populated\">\n\t\t\t\t\t\t\t\t<div class=\"elementor-element elementor-element-shc2be8 elementor-widget elementor-widget-image\" data-id=\"shc2be8\" data-element_type=\"widget\" data-widget_type=\"image.default\">\n\t\t\t\t<div class=\"elementor-widget-container\">\n\t\t\t<style>\/*! elementor - v3.17.0 - 08-11-2023 *\/\n.elementor-widget-image{text-align:center}.elementor-widget-image a{display:inline-block}.elementor-widget-image a img[src$=\".svg\"]{width:48px}.elementor-widget-image img{vertical-align:middle;display:inline-block}<\/style>\t\t\t\t\t\t\t\t\t\t\t\t<img loading=\"lazy\" decoding=\"async\" width=\"768\" height=\"1024\" src=\"https:\/\/aroga.com.br\/wp-content\/uploads\/2023\/08\/WhatsApp-Image-2023-08-11-at-15.52.02.jpeg\" class=\"attachment-full size-full wp-image-1291\" alt=\"\" srcset=\"https:\/\/aroga.com.br\/wp-content\/uploads\/2023\/08\/WhatsApp-Image-2023-08-11-at-15.52.02.jpeg 768w, https:\/\/aroga.com.br\/wp-content\/uploads\/2023\/08\/WhatsApp-Image-2023-08-11-at-15.52.02-225x300.jpeg 225w\" sizes=\"(max-width: 768px) 100vw, 768px\" \/>\t\t\t\t\t\t\t\t\t\t\t\t\t\t\t<\/div>\n\t\t\t\t<\/div>\n\t\t\t\t\t<\/div>\n\t\t<\/div>\n\t\t\t\t<div class=\"elementor-column elementor-col-50 elementor-top-column elementor-element elementor-element-r7gqrhq\" data-id=\"r7gqrhq\" data-element_type=\"column\">\n\t\t\t<div class=\"elementor-widget-wrap elementor-element-populated\">\n\t\t\t\t\t\t\t\t<div class=\"elementor-element elementor-element-x4fpxui elementor-widget elementor-widget-text-editor\" data-id=\"x4fpxui\" data-element_type=\"widget\" data-widget_type=\"text-editor.default\">\n\t\t\t\t<div class=\"elementor-widget-container\">\n\t\t\t<style>\/*! elementor - v3.17.0 - 08-11-2023 *\/\n.elementor-widget-text-editor.elementor-drop-cap-view-stacked .elementor-drop-cap{background-color:#69727d;color:#fff}.elementor-widget-text-editor.elementor-drop-cap-view-framed .elementor-drop-cap{color:#69727d;border:3px solid;background-color:transparent}.elementor-widget-text-editor:not(.elementor-drop-cap-view-default) .elementor-drop-cap{margin-top:8px}.elementor-widget-text-editor:not(.elementor-drop-cap-view-default) .elementor-drop-cap-letter{width:1em;height:1em}.elementor-widget-text-editor .elementor-drop-cap{float:left;text-align:center;line-height:1;font-size:50px}.elementor-widget-text-editor .elementor-drop-cap-letter{display:inline-block}<\/style>\t\t\t\t<div class=\"flex flex-grow flex-col gap-3\"><div class=\"min-h-[20px] flex flex-col items-start gap-3 overflow-x-auto whitespace-pre-wrap break-words\"><div class=\"markdown prose w-full break-words dark:prose-invert light\"><p>Oi meu nome e Micha, fui enteinado no <strong>instituto Tecnologico <\/strong>em Berna na mihna Su\u00ed\u00e7a natal, e como um empres\u00e1rio extrangeiro rec\u00e9m-chegado ao Brasil, trago comigo uma vigorosa energia destinada a transformar o mundo e oferecer servi\u00e7os excepcionais. Minha jornada empreendedora, que floresceu nos cen\u00e1rios vibrantes da Su\u00ed\u00e7a, agora encontra solo f\u00e9rtil no Brasil. Impulsionado por uma paix\u00e3o inabal\u00e1vel por criar mudan\u00e7as positivas, atravesso fronteiras para abra\u00e7ar novos desafios e oportunidades.<\/p><p>Minha transi\u00e7\u00e3o para o cen\u00e1rio empresarial brasileiro \u00e9 alimentada pela cren\u00e7a de que as diferen\u00e7as culturais e as diversas perspectivas s\u00e3o a for\u00e7a motriz por tr\u00e1s da inova\u00e7\u00e3o. Ansioso por mergulhar na rica tape\u00e7aria cultural do Brasil, estou comprometido em aprender e colaborar com a comunidade local, capacitando-me com insights valiosos para moldar minhas iniciativas de neg\u00f3cios.<\/p><p>Como algu\u00e9m que acredita firmemente na responsabilidade social corporativa, estou empenhado em n\u00e3o apenas prosperar comercialmente, mas tamb\u00e9m em retribuir \u00e0 sociedade. Pretendo estabelecer parcerias que beneficiem as comunidades em que opero, seja atrav\u00e9s de programas de educa\u00e7\u00e3o, sustentabilidade ambiental ou iniciativas de apoio.<\/p><p>Minha mudan\u00e7a para o Brasil \u00e9 uma prova tang\u00edvel do meu desejo de transcender fronteiras geogr\u00e1ficas e culturais para deixar um legado significativo. Estou pronto para aproveitar a energia contagiante deste pa\u00eds e canaliz\u00e1-la para projetos que elevem a vida das pessoas e inspirem um futuro melhor. Juntos, n\u00f3s moldaremos o amanh\u00e3 com inova\u00e7\u00e3o, servi\u00e7o e um compromisso inabal\u00e1vel com a mudan\u00e7a positiva.<\/p><\/div><\/div><\/div>\t\t\t\t\t\t<\/div>\n\t\t\t\t<\/div>\n\t\t\t\t\t<\/div>\n\t\t<\/div>\n\t\t\t\t\t\t\t<\/div>\n\t\t<\/section>\n\t\t\t\t<section class=\"elementor-section elementor-top-section elementor-element elementor-element-3278499 elementor-section-boxed elementor-section-height-default elementor-section-height-default\" data-id=\"3278499\" data-element_type=\"section\" data-settings=\"{&quot;background_background&quot;:&quot;gradient&quot;}\">\n\t\t\t\t\t\t<div class=\"elementor-container elementor-column-gap-default\">\n\t\t\t\t\t<div class=\"elementor-column elementor-col-100 elementor-top-column elementor-element elementor-element-f33163e\" data-id=\"f33163e\" data-element_type=\"column\">\n\t\t\t<div class=\"elementor-widget-wrap elementor-element-populated\">\n\t\t\t\t\t\t\t\t<div class=\"elementor-element elementor-element-ca198bc elementor-widget elementor-widget-text-editor\" data-id=\"ca198bc\" data-element_type=\"widget\" data-widget_type=\"text-editor.default\">\n\t\t\t\t<div class=\"elementor-widget-container\">\n\t\t\t\t\t\t\t<p>AROGA Inova\u00e7\u00e3o: Transformando o AGORA em Oportunidades\u200b<\/p>\t\t\t\t\t\t<\/div>\n\t\t\t\t<\/div>\n\t\t\t\t\t<\/div>\n\t\t<\/div>\n\t\t\t\t\t\t\t<\/div>\n\t\t<\/section>\n\t\t\t\t<section class=\"elementor-section elementor-top-section elementor-element elementor-element-qod0lr5 elementor-section-boxed elementor-section-height-default elementor-section-height-default\" data-id=\"qod0lr5\" data-element_type=\"section\">\n\t\t\t\t\t\t<div class=\"elementor-container elementor-column-gap-default\">\n\t\t\t\t\t<div class=\"elementor-column elementor-col-50 elementor-top-column elementor-element elementor-element-dd631af\" data-id=\"dd631af\" data-element_type=\"column\">\n\t\t\t<div class=\"elementor-widget-wrap elementor-element-populated\">\n\t\t\t\t\t\t\t\t<div class=\"elementor-element elementor-element-ua4lgrm elementor-widget elementor-widget-heading\" data-id=\"ua4lgrm\" data-element_type=\"widget\" data-widget_type=\"heading.default\">\n\t\t\t\t<div class=\"elementor-widget-container\">\n\t\t\t<style>\/*! elementor - v3.17.0 - 08-11-2023 *\/\n.elementor-heading-title{padding:0;margin:0;line-height:1}.elementor-widget-heading .elementor-heading-title[class*=elementor-size-]>a{color:inherit;font-size:inherit;line-height:inherit}.elementor-widget-heading .elementor-heading-title.elementor-size-small{font-size:15px}.elementor-widget-heading .elementor-heading-title.elementor-size-medium{font-size:19px}.elementor-widget-heading .elementor-heading-title.elementor-size-large{font-size:29px}.elementor-widget-heading .elementor-heading-title.elementor-size-xl{font-size:39px}.elementor-widget-heading .elementor-heading-title.elementor-size-xxl{font-size:59px}<\/style><h2 class=\"elementor-heading-title elementor-size-default\">Estamos ansiosos para trabalhar juntos<\/h2>\t\t<\/div>\n\t\t\t\t<\/div>\n\t\t\t\t<div class=\"elementor-element elementor-element-48b6568 elementor-widget elementor-widget-text-editor\" data-id=\"48b6568\" data-element_type=\"widget\" data-widget_type=\"text-editor.default\">\n\t\t\t\t<div class=\"elementor-widget-container\">\n\t\t\t\t\t\t\t<div class=\"flex flex-grow flex-col gap-3\"><div class=\"min-h-[20px] flex flex-col items-start gap-3 overflow-x-auto whitespace-pre-wrap break-words\"><div class=\"markdown prose w-full break-words dark:prose-invert light\"><p style=\"text-align: center;\">Na T.I. Aroga Schiess, somos uma equipe apaixonada por design de p\u00e1ginas web, composta por talentosos profissionais brasileiros. Nossa miss\u00e3o \u00e9 criar experi\u00eancias online excepcionais, capturando a ess\u00eancia \u00fanica de cada cliente. Combinamos criatividade e expertise t\u00e9cnica para construir sites cativantes, funcionais e aut\u00eanticos. Estamos comprometidos em destacar a identidade de marcas locais, incorporando elementos culturais e valores brasileiros em cada projeto. Juntos, transformamos vis\u00f5es em realidade digital, impulsionando neg\u00f3cios e criando conex\u00f5es memor\u00e1veis na vastid\u00e3o da web.<\/p><\/div><\/div><\/div><p>\u00a0<\/p>\t\t\t\t\t\t<\/div>\n\t\t\t\t<\/div>\n\t\t\t\t\t<\/div>\n\t\t<\/div>\n\t\t\t\t<div class=\"elementor-column elementor-col-50 elementor-top-column elementor-element elementor-element-077q1uq\" data-id=\"077q1uq\" data-element_type=\"column\">\n\t\t\t<div class=\"elementor-widget-wrap elementor-element-populated\">\n\t\t\t\t\t\t\t\t<div class=\"elementor-element elementor-element-b33c315 elementor-widget elementor-widget-image\" data-id=\"b33c315\" data-element_type=\"widget\" data-widget_type=\"image.default\">\n\t\t\t\t<div class=\"elementor-widget-container\">\n\t\t\t\t\t\t\t\t\t\t\t\t\t\t\t<img loading=\"lazy\" decoding=\"async\" width=\"300\" height=\"300\" src=\"https:\/\/aroga.com.br\/wp-content\/uploads\/2023\/08\/TiLogo-300x300.jpeg\" class=\"attachment-medium size-medium wp-image-1323\" alt=\"\" srcset=\"https:\/\/aroga.com.br\/wp-content\/uploads\/2023\/08\/TiLogo-300x300.jpeg 300w, https:\/\/aroga.com.br\/wp-content\/uploads\/2023\/08\/TiLogo-150x150.jpeg 150w, https:\/\/aroga.com.br\/wp-content\/uploads\/2023\/08\/TiLogo.jpeg 500w\" sizes=\"(max-width: 300px) 100vw, 300px\" \/>\t\t\t\t\t\t\t\t\t\t\t\t\t\t\t<\/div>\n\t\t\t\t<\/div>\n\t\t\t\t\t<\/div>\n\t\t<\/div>\n\t\t\t\t\t\t\t<\/div>\n\t\t<\/section>\n\t\t\t\t\t\t\t<\/div>\n\t\t","protected":false},"excerpt":{"rendered":"<p>Oi meu nome e Micha, fui enteinado no instituto Tecnologico em Berna na mihna Su\u00ed\u00e7a natal, e como um empres\u00e1rio extrangeiro rec\u00e9m-chegado ao Brasil, trago comigo uma vigorosa energia destinada a transformar o mundo e oferecer servi\u00e7os excepcionais. Minha jornada empreendedora, que floresceu nos cen\u00e1rios vibrantes da Su\u00ed\u00e7a, agora encontra solo f\u00e9rtil no Brasil. Impulsionado [&hellip;]<\/p>\n","protected":false},"author":1,"featured_media":0,"parent":0,"menu_order":0,"comment_status":"closed","ping_status":"closed","template":"","meta":{"footnotes":""},"class_list":["post-406","page","type-page","status-publish","hentry","entry"],"aioseo_notices":[],"_links":{"self":[{"href":"https:\/\/aroga.com.br\/index.php?rest_route=\/wp\/v2\/pages\/406"}],"collection":[{"href":"https:\/\/aroga.com.br\/index.php?rest_route=\/wp\/v2\/pages"}],"about":[{"href":"https:\/\/aroga.com.br\/index.php?rest_route=\/wp\/v2\/types\/page"}],"author":[{"embeddable":true,"href":"https:\/\/aroga.com.br\/index.php?rest_route=\/wp\/v2\/users\/1"}],"replies":[{"embeddable":true,"href":"https:\/\/aroga.com.br\/index.php?rest_route=%2Fwp%2Fv2%2Fcomments&post=406"}],"version-history":[{"count":90,"href":"https:\/\/aroga.com.br\/index.php?rest_route=\/wp\/v2\/pages\/406\/revisions"}],"predecessor-version":[{"id":1462,"href":"https:\/\/aroga.com.br\/index.php?rest_route=\/wp\/v2\/pages\/406\/revisions\/1462"}],"wp:attachment":[{"href":"https:\/\/aroga.com.br\/index.php?rest_route=%2Fwp%2Fv2%2Fmedia&parent=406"}],"curies":[{"name":"wp","href":"https:\/\/api.w.org\/{rel}","templated":true}]}}