{"id":1527,"date":"2023-11-15T15:41:13","date_gmt":"2023-11-15T18:41:13","guid":{"rendered":"https:\/\/aroga.com.br\/?page_id=1527"},"modified":"2024-05-28T15:02:31","modified_gmt":"2024-05-28T18:02:31","slug":"1527-2","status":"publish","type":"page","link":"https:\/\/aroga.com.br\/?page_id=1527&lang=de","title":{"rendered":"\u00dcber Uns"},"content":{"rendered":"\t\t<div data-elementor-type=\"wp-post\" data-elementor-id=\"1527\" class=\"elementor elementor-1527\">\n\t\t\t\t\t\t\t\t\t<section class=\"elementor-section elementor-top-section elementor-element elementor-element-ybrx6zd elementor-section-content-middle elementor-section-boxed elementor-section-height-default elementor-section-height-default\" data-id=\"ybrx6zd\" data-element_type=\"section\">\n\t\t\t\t\t\t<div class=\"elementor-container elementor-column-gap-default\">\n\t\t\t\t\t<div class=\"elementor-column elementor-col-50 elementor-top-column elementor-element elementor-element-nm7wyr2\" data-id=\"nm7wyr2\" data-element_type=\"column\">\n\t\t\t<div class=\"elementor-widget-wrap elementor-element-populated\">\n\t\t\t\t\t\t\t\t<div class=\"elementor-element elementor-element-shc2be8 elementor-widget elementor-widget-image\" data-id=\"shc2be8\" data-element_type=\"widget\" data-widget_type=\"image.default\">\n\t\t\t\t<div class=\"elementor-widget-container\">\n\t\t\t<style>\/*! elementor - v3.17.0 - 08-11-2023 *\/\n.elementor-widget-image{text-align:center}.elementor-widget-image a{display:inline-block}.elementor-widget-image a img[src$=\".svg\"]{width:48px}.elementor-widget-image img{vertical-align:middle;display:inline-block}<\/style>\t\t\t\t\t\t\t\t\t\t\t\t<img loading=\"lazy\" decoding=\"async\" width=\"768\" height=\"1024\" src=\"https:\/\/aroga.com.br\/wp-content\/uploads\/2023\/08\/WhatsApp-Image-2023-08-11-at-15.52.02.jpeg\" class=\"attachment-full size-full wp-image-1291\" alt=\"\" srcset=\"https:\/\/aroga.com.br\/wp-content\/uploads\/2023\/08\/WhatsApp-Image-2023-08-11-at-15.52.02.jpeg 768w, https:\/\/aroga.com.br\/wp-content\/uploads\/2023\/08\/WhatsApp-Image-2023-08-11-at-15.52.02-225x300.jpeg 225w\" sizes=\"(max-width: 768px) 100vw, 768px\" \/>\t\t\t\t\t\t\t\t\t\t\t\t\t\t\t<\/div>\n\t\t\t\t<\/div>\n\t\t\t\t\t<\/div>\n\t\t<\/div>\n\t\t\t\t<div class=\"elementor-column elementor-col-50 elementor-top-column elementor-element elementor-element-r7gqrhq\" data-id=\"r7gqrhq\" data-element_type=\"column\">\n\t\t\t<div class=\"elementor-widget-wrap elementor-element-populated\">\n\t\t\t\t\t\t\t\t<div class=\"elementor-element elementor-element-x4fpxui elementor-widget elementor-widget-text-editor\" data-id=\"x4fpxui\" data-element_type=\"widget\" data-widget_type=\"text-editor.default\">\n\t\t\t\t<div class=\"elementor-widget-container\">\n\t\t\t<style>\/*! elementor - v3.17.0 - 08-11-2023 *\/\n.elementor-widget-text-editor.elementor-drop-cap-view-stacked .elementor-drop-cap{background-color:#69727d;color:#fff}.elementor-widget-text-editor.elementor-drop-cap-view-framed .elementor-drop-cap{color:#69727d;border:3px solid;background-color:transparent}.elementor-widget-text-editor:not(.elementor-drop-cap-view-default) .elementor-drop-cap{margin-top:8px}.elementor-widget-text-editor:not(.elementor-drop-cap-view-default) .elementor-drop-cap-letter{width:1em;height:1em}.elementor-widget-text-editor .elementor-drop-cap{float:left;text-align:center;line-height:1;font-size:50px}.elementor-widget-text-editor .elementor-drop-cap-letter{display:inline-block}<\/style>\t\t\t\t<div class=\"flex flex-grow flex-col gap-3\">\n<div class=\"min-h-[20px] flex flex-col items-start gap-3 overflow-x-auto whitespace-pre-wrap break-words\">\n<div class=\"markdown prose w-full break-words dark:prose-invert light\">\n<div class=\"flex flex-grow flex-col max-w-full gap-3 gizmo:gap-0\">\n<div class=\"min-h-[20px] text-message peer flex flex-col items-start gap-3 whitespace-pre-wrap break-words peer-[.text-message]:mt-5 overflow-x-auto\" data-message-author-role=\"assistant\" data-message-id=\"8f6e8fcb-5cb0-4c19-b818-7fc74ec82bca\">\n<div class=\"markdown prose w-full break-words dark:prose-invert light\">\n<p>Hallo, mein Name ist Micha. Ich wurde zum Informatiker Schwerpunkt Applikation, in meiner Heimat in der Schweiz, ausgebildet. Als neu angekommener ausl\u00e4ndischer Unternehmer in Brasilien bringe ich eine frische Energie mit, die darauf abzielt, die Welt zu ver\u00e4ndern und au\u00dfergew\u00f6hnliche Dienstleistungen anzubieten. Getrieben von einer Leidenschaft f\u00fcr positive Ver\u00e4nderungen \u00fcberwinde ich Grenzen, um neue Herausforderungen und Chancen zu ergreifen.<\/p><\/div>\n<\/div>\n<\/div>\n<\/div>\n<\/div>\n<\/div>\t\t\t\t\t\t<\/div>\n\t\t\t\t<\/div>\n\t\t\t\t\t<\/div>\n\t\t<\/div>\n\t\t\t\t\t\t\t<\/div>\n\t\t<\/section>\n\t\t\t\t<section class=\"elementor-section elementor-top-section elementor-element elementor-element-3278499 elementor-section-boxed elementor-section-height-default elementor-section-height-default\" data-id=\"3278499\" data-element_type=\"section\" data-settings=\"{&quot;background_background&quot;:&quot;gradient&quot;}\">\n\t\t\t\t\t\t<div class=\"elementor-container elementor-column-gap-default\">\n\t\t\t\t\t<div class=\"elementor-column elementor-col-100 elementor-top-column elementor-element elementor-element-f33163e\" data-id=\"f33163e\" data-element_type=\"column\">\n\t\t\t<div class=\"elementor-widget-wrap elementor-element-populated\">\n\t\t\t\t\t\t\t\t<div class=\"elementor-element elementor-element-ca198bc elementor-widget elementor-widget-text-editor\" data-id=\"ca198bc\" data-element_type=\"widget\" data-widget_type=\"text-editor.default\">\n\t\t\t\t<div class=\"elementor-widget-container\">\n\t\t\t\t\t\t\t<p>&#8220;Design, Funktion, Erfolg &#8211; Alles aus einer Hand&#8221;<\/p>\t\t\t\t\t\t<\/div>\n\t\t\t\t<\/div>\n\t\t\t\t\t<\/div>\n\t\t<\/div>\n\t\t\t\t\t\t\t<\/div>\n\t\t<\/section>\n\t\t\t\t<section class=\"elementor-section elementor-top-section elementor-element elementor-element-qod0lr5 elementor-section-boxed elementor-section-height-default elementor-section-height-default\" data-id=\"qod0lr5\" data-element_type=\"section\">\n\t\t\t\t\t\t<div class=\"elementor-container elementor-column-gap-default\">\n\t\t\t\t\t<div class=\"elementor-column elementor-col-50 elementor-top-column elementor-element elementor-element-dd631af\" data-id=\"dd631af\" data-element_type=\"column\">\n\t\t\t<div class=\"elementor-widget-wrap elementor-element-populated\">\n\t\t\t\t\t\t\t\t<div class=\"elementor-element elementor-element-ua4lgrm elementor-widget elementor-widget-heading\" data-id=\"ua4lgrm\" data-element_type=\"widget\" data-widget_type=\"heading.default\">\n\t\t\t\t<div class=\"elementor-widget-container\">\n\t\t\t<style>\/*! elementor - v3.17.0 - 08-11-2023 *\/\n.elementor-heading-title{padding:0;margin:0;line-height:1}.elementor-widget-heading .elementor-heading-title[class*=elementor-size-]>a{color:inherit;font-size:inherit;line-height:inherit}.elementor-widget-heading .elementor-heading-title.elementor-size-small{font-size:15px}.elementor-widget-heading .elementor-heading-title.elementor-size-medium{font-size:19px}.elementor-widget-heading .elementor-heading-title.elementor-size-large{font-size:29px}.elementor-widget-heading .elementor-heading-title.elementor-size-xl{font-size:39px}.elementor-widget-heading .elementor-heading-title.elementor-size-xxl{font-size:59px}<\/style><h2 class=\"elementor-heading-title elementor-size-default\">Wir freuen uns auf die Zusammenarbeit<\/h2>\t\t<\/div>\n\t\t\t\t<\/div>\n\t\t\t\t<div class=\"elementor-element elementor-element-48b6568 elementor-widget elementor-widget-text-editor\" data-id=\"48b6568\" data-element_type=\"widget\" data-widget_type=\"text-editor.default\">\n\t\t\t\t<div class=\"elementor-widget-container\">\n\t\t\t\t\t\t\t<div class=\"flex flex-grow flex-col gap-3\">\n<div class=\"min-h-[20px] flex flex-col items-start gap-3 overflow-x-auto whitespace-pre-wrap break-words\">\n<div class=\"markdown prose w-full break-words dark:prose-invert light\">\n<p style=\"text-align: center;\">Wir sind T.I. Aroga Schiess, ein Team leidenschaftlicher Webdesigner, bestehend aus talentierten Fachleuten aus der Schweiz und Brasilien. Unsere Mission ist es, au\u00dfergew\u00f6hnliche Online-Erlebnisse zu schaffen, die die einzigartige Essenz jedes Kunden einfangen. Wir vereinen Kreativit\u00e4t mit technischem Know-how, um ansprechende, funktionale und authentische Websites zu gestalten. Wir setzen uns daf\u00fcr ein, die Identit\u00e4t lokaler Marken hervorzuheben, indem wir kulturelle Elemente und schweizerische Qualit\u00e4t in jedes Projekt integrieren. Gemeinsam verwandeln wir Visionen in digitale Realit\u00e4t, st\u00e4rken Gesch\u00e4fte und schaffen unvergessliche Verbindungen in den Weiten des Webs.&#8221;<\/p>\n<\/div>\n<\/div>\n<\/div>\t\t\t\t\t\t<\/div>\n\t\t\t\t<\/div>\n\t\t\t\t\t<\/div>\n\t\t<\/div>\n\t\t\t\t<div class=\"elementor-column elementor-col-50 elementor-top-column elementor-element elementor-element-077q1uq\" data-id=\"077q1uq\" data-element_type=\"column\">\n\t\t\t<div class=\"elementor-widget-wrap elementor-element-populated\">\n\t\t\t\t\t\t\t\t<div class=\"elementor-element elementor-element-b33c315 elementor-widget elementor-widget-image\" data-id=\"b33c315\" data-element_type=\"widget\" data-widget_type=\"image.default\">\n\t\t\t\t<div class=\"elementor-widget-container\">\n\t\t\t\t\t\t\t\t\t\t\t\t\t\t\t<img loading=\"lazy\" decoding=\"async\" width=\"300\" height=\"300\" src=\"https:\/\/aroga.com.br\/wp-content\/uploads\/2023\/08\/TiLogo-300x300.jpeg\" class=\"attachment-medium size-medium wp-image-1323\" alt=\"\" srcset=\"https:\/\/aroga.com.br\/wp-content\/uploads\/2023\/08\/TiLogo-300x300.jpeg 300w, https:\/\/aroga.com.br\/wp-content\/uploads\/2023\/08\/TiLogo-150x150.jpeg 150w, https:\/\/aroga.com.br\/wp-content\/uploads\/2023\/08\/TiLogo.jpeg 500w\" sizes=\"(max-width: 300px) 100vw, 300px\" \/>\t\t\t\t\t\t\t\t\t\t\t\t\t\t\t<\/div>\n\t\t\t\t<\/div>\n\t\t\t\t\t<\/div>\n\t\t<\/div>\n\t\t\t\t\t\t\t<\/div>\n\t\t<\/section>\n\t\t\t\t\t\t\t<\/div>\n\t\t","protected":false},"excerpt":{"rendered":"<p>Hallo, mein Name ist Micha. Ich wurde zum Informatiker Schwerpunkt Applikation, in meiner Heimat in der Schweiz, ausgebildet. Als neu angekommener ausl\u00e4ndischer Unternehmer in Brasilien bringe ich eine frische Energie mit, die darauf abzielt, die Welt zu ver\u00e4ndern und au\u00dfergew\u00f6hnliche Dienstleistungen anzubieten. Getrieben von einer Leidenschaft f\u00fcr positive Ver\u00e4nderungen \u00fcberwinde ich Grenzen, um neue Herausforderungen [&hellip;]<\/p>\n","protected":false},"author":1,"featured_media":0,"parent":0,"menu_order":0,"comment_status":"closed","ping_status":"closed","template":"","meta":{"footnotes":""},"class_list":["post-1527","page","type-page","status-publish","hentry","entry"],"aioseo_notices":[],"_links":{"self":[{"href":"https:\/\/aroga.com.br\/index.php?rest_route=\/wp\/v2\/pages\/1527"}],"collection":[{"href":"https:\/\/aroga.com.br\/index.php?rest_route=\/wp\/v2\/pages"}],"about":[{"href":"https:\/\/aroga.com.br\/index.php?rest_route=\/wp\/v2\/types\/page"}],"author":[{"embeddable":true,"href":"https:\/\/aroga.com.br\/index.php?rest_route=\/wp\/v2\/users\/1"}],"replies":[{"embeddable":true,"href":"https:\/\/aroga.com.br\/index.php?rest_route=%2Fwp%2Fv2%2Fcomments&post=1527"}],"version-history":[{"count":14,"href":"https:\/\/aroga.com.br\/index.php?rest_route=\/wp\/v2\/pages\/1527\/revisions"}],"predecessor-version":[{"id":1596,"href":"https:\/\/aroga.com.br\/index.php?rest_route=\/wp\/v2\/pages\/1527\/revisions\/1596"}],"wp:attachment":[{"href":"https:\/\/aroga.com.br\/index.php?rest_route=%2Fwp%2Fv2%2Fmedia&parent=1527"}],"curies":[{"name":"wp","href":"https:\/\/api.w.org\/{rel}","templated":true}]}}