{"id":1525,"date":"2023-11-15T15:39:55","date_gmt":"2023-11-15T18:39:55","guid":{"rendered":"https:\/\/aroga.com.br\/?page_id=1525"},"modified":"2023-11-15T19:00:29","modified_gmt":"2023-11-15T22:00:29","slug":"ueber-uns","status":"publish","type":"page","link":"https:\/\/aroga.com.br\/?page_id=1525&lang=de","title":{"rendered":"Service"},"content":{"rendered":"\t\t<div data-elementor-type=\"wp-post\" data-elementor-id=\"1525\" class=\"elementor elementor-1525\">\n\t\t\t\t\t\t\t\t\t<section class=\"elementor-section elementor-top-section elementor-element elementor-element-d604bff elementor-section-content-middle elementor-section-boxed elementor-section-height-default elementor-section-height-default\" data-id=\"d604bff\" data-element_type=\"section\">\n\t\t\t\t\t\t<div class=\"elementor-container elementor-column-gap-default\">\n\t\t\t\t\t<div class=\"elementor-column elementor-col-50 elementor-top-column elementor-element elementor-element-40f043f\" data-id=\"40f043f\" data-element_type=\"column\">\n\t\t\t<div class=\"elementor-widget-wrap elementor-element-populated\">\n\t\t\t\t\t\t\t\t<div class=\"elementor-element elementor-element-6b0c99f elementor-widget elementor-widget-heading\" data-id=\"6b0c99f\" data-element_type=\"widget\" data-widget_type=\"heading.default\">\n\t\t\t\t<div class=\"elementor-widget-container\">\n\t\t\t<style>\/*! elementor - v3.17.0 - 08-11-2023 *\/\n.elementor-heading-title{padding:0;margin:0;line-height:1}.elementor-widget-heading .elementor-heading-title[class*=elementor-size-]>a{color:inherit;font-size:inherit;line-height:inherit}.elementor-widget-heading .elementor-heading-title.elementor-size-small{font-size:15px}.elementor-widget-heading .elementor-heading-title.elementor-size-medium{font-size:19px}.elementor-widget-heading .elementor-heading-title.elementor-size-large{font-size:29px}.elementor-widget-heading .elementor-heading-title.elementor-size-xl{font-size:39px}.elementor-widget-heading .elementor-heading-title.elementor-size-xxl{font-size:59px}<\/style><h2 class=\"elementor-heading-title elementor-size-default\">Eine Webseite erstellen<\/h2>\t\t<\/div>\n\t\t\t\t<\/div>\n\t\t\t\t<div class=\"elementor-element elementor-element-22bbe3e elementor-widget elementor-widget-text-editor\" data-id=\"22bbe3e\" data-element_type=\"widget\" data-widget_type=\"text-editor.default\">\n\t\t\t\t<div class=\"elementor-widget-container\">\n\t\t\t<style>\/*! elementor - v3.17.0 - 08-11-2023 *\/\n.elementor-widget-text-editor.elementor-drop-cap-view-stacked .elementor-drop-cap{background-color:#69727d;color:#fff}.elementor-widget-text-editor.elementor-drop-cap-view-framed .elementor-drop-cap{color:#69727d;border:3px solid;background-color:transparent}.elementor-widget-text-editor:not(.elementor-drop-cap-view-default) .elementor-drop-cap{margin-top:8px}.elementor-widget-text-editor:not(.elementor-drop-cap-view-default) .elementor-drop-cap-letter{width:1em;height:1em}.elementor-widget-text-editor .elementor-drop-cap{float:left;text-align:center;line-height:1;font-size:50px}.elementor-widget-text-editor .elementor-drop-cap-letter{display:inline-block}<\/style>\t\t\t\t<p>Die Entwicklung einer eigenen Website ist der Schl\u00fcssel zu mehr Sichtbarkeit und Bekanntheit Ihres Angebots. Durch eine Online-Pr\u00e4senz wird Ihre Marke f\u00fcr ein breiteres Publikum zug\u00e4nglich, wodurch sich die Reichweite Ihres Unternehmens erh\u00f6ht. Eine gut gestaltete Website informiert nicht nur \u00fcber Ihre Produkte oder Dienstleistungen, sondern stellt auch eine direkte Verbindung zu potenziellen Kunden her und schafft so Vertrauen und Glaubw\u00fcrdigkeit. Untersch\u00e4tzen Sie nicht die Bedeutung einer Website f\u00fcr die Erweiterung Ihrer Marktpr\u00e4senz und die St\u00e4rkung Ihres Images.<\/p>\t\t\t\t\t\t<\/div>\n\t\t\t\t<\/div>\n\t\t\t\t\t<\/div>\n\t\t<\/div>\n\t\t\t\t<div class=\"elementor-column elementor-col-50 elementor-top-column elementor-element elementor-element-bd90d9e\" data-id=\"bd90d9e\" data-element_type=\"column\">\n\t\t\t<div class=\"elementor-widget-wrap elementor-element-populated\">\n\t\t\t\t\t\t\t\t<div class=\"elementor-element elementor-element-b102dd3 elementor-widget elementor-widget-image\" data-id=\"b102dd3\" data-element_type=\"widget\" data-widget_type=\"image.default\">\n\t\t\t\t<div class=\"elementor-widget-container\">\n\t\t\t<style>\/*! elementor - v3.17.0 - 08-11-2023 *\/\n.elementor-widget-image{text-align:center}.elementor-widget-image a{display:inline-block}.elementor-widget-image a img[src$=\".svg\"]{width:48px}.elementor-widget-image img{vertical-align:middle;display:inline-block}<\/style>\t\t\t\t\t\t\t\t\t\t\t\t<img loading=\"lazy\" decoding=\"async\" width=\"768\" height=\"781\" src=\"https:\/\/aroga.com.br\/wp-content\/uploads\/2023\/08\/pexels-format-1029757-768x781.jpg\" class=\"attachment-medium_large size-medium_large wp-image-1253\" alt=\"\" srcset=\"https:\/\/aroga.com.br\/wp-content\/uploads\/2023\/08\/pexels-format-1029757-768x781.jpg 768w, https:\/\/aroga.com.br\/wp-content\/uploads\/2023\/08\/pexels-format-1029757-295x300.jpg 295w, https:\/\/aroga.com.br\/wp-content\/uploads\/2023\/08\/pexels-format-1029757-1006x1024.jpg 1006w, https:\/\/aroga.com.br\/wp-content\/uploads\/2023\/08\/pexels-format-1029757-1510x1536.jpg 1510w, https:\/\/aroga.com.br\/wp-content\/uploads\/2023\/08\/pexels-format-1029757-2013x2048.jpg 2013w\" sizes=\"(max-width: 768px) 100vw, 768px\" \/>\t\t\t\t\t\t\t\t\t\t\t\t\t\t\t<\/div>\n\t\t\t\t<\/div>\n\t\t\t\t\t<\/div>\n\t\t<\/div>\n\t\t\t\t\t\t\t<\/div>\n\t\t<\/section>\n\t\t\t\t<section class=\"elementor-section elementor-top-section elementor-element elementor-element-gujrtrn elementor-section-boxed elementor-section-height-default elementor-section-height-default\" data-id=\"gujrtrn\" data-element_type=\"section\">\n\t\t\t\t\t\t<div class=\"elementor-container elementor-column-gap-default\">\n\t\t\t\t\t<div class=\"elementor-column elementor-col-100 elementor-top-column elementor-element elementor-element-byuwisz\" data-id=\"byuwisz\" data-element_type=\"column\">\n\t\t\t<div class=\"elementor-widget-wrap elementor-element-populated\">\n\t\t\t\t\t\t\t\t<div class=\"elementor-element elementor-element-amrpsnk elementor-widget-divider--view-line elementor-widget elementor-widget-divider\" data-id=\"amrpsnk\" data-element_type=\"widget\" data-widget_type=\"divider.default\">\n\t\t\t\t<div class=\"elementor-widget-container\">\n\t\t\t<style>\/*! elementor - v3.17.0 - 08-11-2023 *\/\n.elementor-widget-divider{--divider-border-style:none;--divider-border-width:1px;--divider-color:#0c0d0e;--divider-icon-size:20px;--divider-element-spacing:10px;--divider-pattern-height:24px;--divider-pattern-size:20px;--divider-pattern-url:none;--divider-pattern-repeat:repeat-x}.elementor-widget-divider .elementor-divider{display:flex}.elementor-widget-divider .elementor-divider__text{font-size:15px;line-height:1;max-width:95%}.elementor-widget-divider .elementor-divider__element{margin:0 var(--divider-element-spacing);flex-shrink:0}.elementor-widget-divider .elementor-icon{font-size:var(--divider-icon-size)}.elementor-widget-divider .elementor-divider-separator{display:flex;margin:0;direction:ltr}.elementor-widget-divider--view-line_icon .elementor-divider-separator,.elementor-widget-divider--view-line_text .elementor-divider-separator{align-items:center}.elementor-widget-divider--view-line_icon .elementor-divider-separator:after,.elementor-widget-divider--view-line_icon .elementor-divider-separator:before,.elementor-widget-divider--view-line_text .elementor-divider-separator:after,.elementor-widget-divider--view-line_text .elementor-divider-separator:before{display:block;content:\"\";border-bottom:0;flex-grow:1;border-top:var(--divider-border-width) var(--divider-border-style) var(--divider-color)}.elementor-widget-divider--element-align-left .elementor-divider .elementor-divider-separator>.elementor-divider__svg:first-of-type{flex-grow:0;flex-shrink:100}.elementor-widget-divider--element-align-left .elementor-divider-separator:before{content:none}.elementor-widget-divider--element-align-left .elementor-divider__element{margin-left:0}.elementor-widget-divider--element-align-right .elementor-divider .elementor-divider-separator>.elementor-divider__svg:last-of-type{flex-grow:0;flex-shrink:100}.elementor-widget-divider--element-align-right .elementor-divider-separator:after{content:none}.elementor-widget-divider--element-align-right .elementor-divider__element{margin-right:0}.elementor-widget-divider:not(.elementor-widget-divider--view-line_text):not(.elementor-widget-divider--view-line_icon) .elementor-divider-separator{border-top:var(--divider-border-width) var(--divider-border-style) var(--divider-color)}.elementor-widget-divider--separator-type-pattern{--divider-border-style:none}.elementor-widget-divider--separator-type-pattern.elementor-widget-divider--view-line .elementor-divider-separator,.elementor-widget-divider--separator-type-pattern:not(.elementor-widget-divider--view-line) .elementor-divider-separator:after,.elementor-widget-divider--separator-type-pattern:not(.elementor-widget-divider--view-line) .elementor-divider-separator:before,.elementor-widget-divider--separator-type-pattern:not([class*=elementor-widget-divider--view]) .elementor-divider-separator{width:100%;min-height:var(--divider-pattern-height);-webkit-mask-size:var(--divider-pattern-size) 100%;mask-size:var(--divider-pattern-size) 100%;-webkit-mask-repeat:var(--divider-pattern-repeat);mask-repeat:var(--divider-pattern-repeat);background-color:var(--divider-color);-webkit-mask-image:var(--divider-pattern-url);mask-image:var(--divider-pattern-url)}.elementor-widget-divider--no-spacing{--divider-pattern-size:auto}.elementor-widget-divider--bg-round{--divider-pattern-repeat:round}.rtl .elementor-widget-divider .elementor-divider__text{direction:rtl}.e-con-inner>.elementor-widget-divider,.e-con>.elementor-widget-divider{width:var(--container-widget-width,100%);--flex-grow:var(--container-widget-flex-grow)}<\/style>\t\t<div class=\"elementor-divider\">\n\t\t\t<span class=\"elementor-divider-separator\">\n\t\t\t\t\t\t<\/span>\n\t\t<\/div>\n\t\t\t\t<\/div>\n\t\t\t\t<\/div>\n\t\t\t\t\t<\/div>\n\t\t<\/div>\n\t\t\t\t\t\t\t<\/div>\n\t\t<\/section>\n\t\t\t\t<section class=\"elementor-section elementor-top-section elementor-element elementor-element-2bfe2bd elementor-section-content-middle elementor-section-boxed elementor-section-height-default elementor-section-height-default\" data-id=\"2bfe2bd\" data-element_type=\"section\">\n\t\t\t\t\t\t<div class=\"elementor-container elementor-column-gap-default\">\n\t\t\t\t\t<div class=\"elementor-column elementor-col-50 elementor-top-column elementor-element elementor-element-734b4e4\" data-id=\"734b4e4\" data-element_type=\"column\">\n\t\t\t<div class=\"elementor-widget-wrap elementor-element-populated\">\n\t\t\t\t\t\t\t\t<div class=\"elementor-element elementor-element-6fc755a elementor-widget elementor-widget-image\" data-id=\"6fc755a\" data-element_type=\"widget\" data-widget_type=\"image.default\">\n\t\t\t\t<div class=\"elementor-widget-container\">\n\t\t\t\t\t\t\t\t\t\t\t\t\t\t\t<img loading=\"lazy\" decoding=\"async\" width=\"768\" height=\"512\" src=\"https:\/\/aroga.com.br\/wp-content\/uploads\/2023\/08\/pexels-yan-krukau-8867482-768x512.jpg\" class=\"attachment-medium_large size-medium_large wp-image-1314\" alt=\"\" srcset=\"https:\/\/aroga.com.br\/wp-content\/uploads\/2023\/08\/pexels-yan-krukau-8867482-768x512.jpg 768w, https:\/\/aroga.com.br\/wp-content\/uploads\/2023\/08\/pexels-yan-krukau-8867482-300x200.jpg 300w, https:\/\/aroga.com.br\/wp-content\/uploads\/2023\/08\/pexels-yan-krukau-8867482-1024x683.jpg 1024w, https:\/\/aroga.com.br\/wp-content\/uploads\/2023\/08\/pexels-yan-krukau-8867482-1536x1024.jpg 1536w, https:\/\/aroga.com.br\/wp-content\/uploads\/2023\/08\/pexels-yan-krukau-8867482-2048x1365.jpg 2048w\" sizes=\"(max-width: 768px) 100vw, 768px\" \/>\t\t\t\t\t\t\t\t\t\t\t\t\t\t\t<\/div>\n\t\t\t\t<\/div>\n\t\t\t\t\t<\/div>\n\t\t<\/div>\n\t\t\t\t<div class=\"elementor-column elementor-col-50 elementor-top-column elementor-element elementor-element-d3b5487\" data-id=\"d3b5487\" data-element_type=\"column\">\n\t\t\t<div class=\"elementor-widget-wrap elementor-element-populated\">\n\t\t\t\t\t\t\t\t<div class=\"elementor-element elementor-element-2bfb8ad elementor-widget elementor-widget-heading\" data-id=\"2bfb8ad\" data-element_type=\"widget\" data-widget_type=\"heading.default\">\n\t\t\t\t<div class=\"elementor-widget-container\">\n\t\t\t<h2 class=\"elementor-heading-title elementor-size-default\">Wir sind f\u00fcr Sie da!<\/h2>\t\t<\/div>\n\t\t\t\t<\/div>\n\t\t\t\t<div class=\"elementor-element elementor-element-91f6d96 elementor-widget elementor-widget-text-editor\" data-id=\"91f6d96\" data-element_type=\"widget\" data-widget_type=\"text-editor.default\">\n\t\t\t\t<div class=\"elementor-widget-container\">\n\t\t\t\t\t\t\t<p>Unser Kundendienstteam ist bereit, Sie mit Engagement\u00a0 bedienen. Wir bestehen aus erfahrenen Fachleuten, die Ihre Fragen gerne beantworten, Sie pers\u00f6nlich betreuen und f\u00fcr Ihre Zufriedenheit sorgen. Kundenzufriedenheit ist unsere Priorit\u00e4t, wir helfen Ihnen schnell und zuvorkommend. Wenden Sie sich an uns, um einen au\u00dfergew\u00f6hnlichen Kundenservice zu erhalten, der Ihre Erwartungen \u00fcbertrifft.<\/p>\t\t\t\t\t\t<\/div>\n\t\t\t\t<\/div>\n\t\t\t\t<div class=\"elementor-element elementor-element-c1dc3f8 elementor-align-center elementor-widget elementor-widget-button\" data-id=\"c1dc3f8\" data-element_type=\"widget\" data-widget_type=\"button.default\">\n\t\t\t\t<div class=\"elementor-widget-container\">\n\t\t\t\t\t<div class=\"elementor-button-wrapper\">\n\t\t\t<a class=\"elementor-button elementor-button-link elementor-size-sm\" href=\"https:\/\/aroga.com.br\/?page_id=445\">\n\t\t\t\t\t\t<span class=\"elementor-button-content-wrapper\">\n\t\t\t\t\t\t<span class=\"elementor-button-text\">Kontaktiere Uns<\/span>\n\t\t<\/span>\n\t\t\t\t\t<\/a>\n\t\t<\/div>\n\t\t\t\t<\/div>\n\t\t\t\t<\/div>\n\t\t\t\t\t<\/div>\n\t\t<\/div>\n\t\t\t\t\t\t\t<\/div>\n\t\t<\/section>\n\t\t\t\t<section class=\"elementor-section elementor-top-section elementor-element elementor-element-742bc70 elementor-section-boxed elementor-section-height-default elementor-section-height-default\" data-id=\"742bc70\" data-element_type=\"section\">\n\t\t\t\t\t\t<div class=\"elementor-container elementor-column-gap-default\">\n\t\t\t\t\t<div class=\"elementor-column elementor-col-100 elementor-top-column elementor-element elementor-element-78b8b1e\" data-id=\"78b8b1e\" data-element_type=\"column\">\n\t\t\t<div class=\"elementor-widget-wrap elementor-element-populated\">\n\t\t\t\t\t\t\t\t<div class=\"elementor-element elementor-element-840bef2 elementor-widget-divider--view-line elementor-widget elementor-widget-divider\" data-id=\"840bef2\" data-element_type=\"widget\" data-widget_type=\"divider.default\">\n\t\t\t\t<div class=\"elementor-widget-container\">\n\t\t\t\t\t<div class=\"elementor-divider\">\n\t\t\t<span class=\"elementor-divider-separator\">\n\t\t\t\t\t\t<\/span>\n\t\t<\/div>\n\t\t\t\t<\/div>\n\t\t\t\t<\/div>\n\t\t\t\t\t<\/div>\n\t\t<\/div>\n\t\t\t\t\t\t\t<\/div>\n\t\t<\/section>\n\t\t\t\t<section class=\"elementor-section elementor-top-section elementor-element elementor-element-3566d98 elementor-section-content-middle elementor-section-boxed elementor-section-height-default elementor-section-height-default\" data-id=\"3566d98\" data-element_type=\"section\">\n\t\t\t\t\t\t<div class=\"elementor-container elementor-column-gap-default\">\n\t\t\t\t\t<div class=\"elementor-column elementor-col-50 elementor-top-column elementor-element elementor-element-a2f75e1\" data-id=\"a2f75e1\" data-element_type=\"column\">\n\t\t\t<div class=\"elementor-widget-wrap elementor-element-populated\">\n\t\t\t\t\t\t\t\t<div class=\"elementor-element elementor-element-2116e8b elementor-widget elementor-widget-heading\" data-id=\"2116e8b\" data-element_type=\"widget\" data-widget_type=\"heading.default\">\n\t\t\t\t<div class=\"elementor-widget-container\">\n\t\t\t<h2 class=\"elementor-heading-title elementor-size-default\">Google Maps Eintrag<\/h2>\t\t<\/div>\n\t\t\t\t<\/div>\n\t\t\t\t<div class=\"elementor-element elementor-element-f9b303b elementor-widget elementor-widget-text-editor\" data-id=\"f9b303b\" data-element_type=\"widget\" data-widget_type=\"text-editor.default\">\n\t\t\t\t<div class=\"elementor-widget-container\">\n\t\t\t\t\t\t\t<p>Erh\u00f6hen Sie ihre Sichtbarkeit mit einem\u00a0 Eintrag auf Google Maps. Bringen Sie Ihr Unternehmen auf die Landkarte, machen Sie sich leicht auffindbar und gewinnen Sie mehr Kunden. Unser Know-how garantiert Pr\u00e4zision und Sichtbarkeit, w\u00e4hrend Sie sich auf Ihr Gesch\u00e4ft konzentrieren. Steigern Sie Ihre Online-Pr\u00e4senz mit unserer professionellen Hilfe.<\/p>\t\t\t\t\t\t<\/div>\n\t\t\t\t<\/div>\n\t\t\t\t\t<\/div>\n\t\t<\/div>\n\t\t\t\t<div class=\"elementor-column elementor-col-50 elementor-top-column elementor-element elementor-element-f5eef36\" data-id=\"f5eef36\" data-element_type=\"column\">\n\t\t\t<div class=\"elementor-widget-wrap elementor-element-populated\">\n\t\t\t\t\t\t\t\t<div class=\"elementor-element elementor-element-ae43b28 elementor-widget elementor-widget-image\" data-id=\"ae43b28\" data-element_type=\"widget\" data-widget_type=\"image.default\">\n\t\t\t\t<div class=\"elementor-widget-container\">\n\t\t\t\t\t\t\t\t\t\t\t\t\t\t\t<img loading=\"lazy\" decoding=\"async\" width=\"768\" height=\"621\" src=\"https:\/\/aroga.com.br\/wp-content\/uploads\/2023\/08\/pexels-lara-jameson-8828355-768x621.jpg\" class=\"attachment-medium_large size-medium_large wp-image-1428\" alt=\"\" srcset=\"https:\/\/aroga.com.br\/wp-content\/uploads\/2023\/08\/pexels-lara-jameson-8828355-768x621.jpg 768w, https:\/\/aroga.com.br\/wp-content\/uploads\/2023\/08\/pexels-lara-jameson-8828355-300x243.jpg 300w, https:\/\/aroga.com.br\/wp-content\/uploads\/2023\/08\/pexels-lara-jameson-8828355-1024x828.jpg 1024w, https:\/\/aroga.com.br\/wp-content\/uploads\/2023\/08\/pexels-lara-jameson-8828355-1536x1242.jpg 1536w, https:\/\/aroga.com.br\/wp-content\/uploads\/2023\/08\/pexels-lara-jameson-8828355-2048x1656.jpg 2048w\" sizes=\"(max-width: 768px) 100vw, 768px\" \/>\t\t\t\t\t\t\t\t\t\t\t\t\t\t\t<\/div>\n\t\t\t\t<\/div>\n\t\t\t\t\t<\/div>\n\t\t<\/div>\n\t\t\t\t\t\t\t<\/div>\n\t\t<\/section>\n\t\t\t\t<section class=\"elementor-section elementor-top-section elementor-element elementor-element-6174422 elementor-section-boxed elementor-section-height-default elementor-section-height-default\" data-id=\"6174422\" data-element_type=\"section\">\n\t\t\t\t\t\t<div class=\"elementor-container elementor-column-gap-default\">\n\t\t\t\t\t<div class=\"elementor-column elementor-col-100 elementor-top-column elementor-element elementor-element-e92e64b\" data-id=\"e92e64b\" data-element_type=\"column\">\n\t\t\t<div class=\"elementor-widget-wrap elementor-element-populated\">\n\t\t\t\t\t\t\t\t<div class=\"elementor-element elementor-element-372e8a1 elementor-widget-divider--view-line elementor-widget elementor-widget-divider\" data-id=\"372e8a1\" data-element_type=\"widget\" data-widget_type=\"divider.default\">\n\t\t\t\t<div class=\"elementor-widget-container\">\n\t\t\t\t\t<div class=\"elementor-divider\">\n\t\t\t<span class=\"elementor-divider-separator\">\n\t\t\t\t\t\t<\/span>\n\t\t<\/div>\n\t\t\t\t<\/div>\n\t\t\t\t<\/div>\n\t\t\t\t\t<\/div>\n\t\t<\/div>\n\t\t\t\t\t\t\t<\/div>\n\t\t<\/section>\n\t\t\t\t<section class=\"elementor-section elementor-top-section elementor-element elementor-element-416e0e9 elementor-section-content-middle elementor-section-boxed elementor-section-height-default elementor-section-height-default\" data-id=\"416e0e9\" data-element_type=\"section\">\n\t\t\t\t\t\t<div class=\"elementor-container elementor-column-gap-default\">\n\t\t\t\t\t<div class=\"elementor-column elementor-col-50 elementor-top-column elementor-element elementor-element-3f49671\" data-id=\"3f49671\" data-element_type=\"column\">\n\t\t\t<div class=\"elementor-widget-wrap elementor-element-populated\">\n\t\t\t\t\t\t\t\t<div class=\"elementor-element elementor-element-3406d3f elementor-widget elementor-widget-image\" data-id=\"3406d3f\" data-element_type=\"widget\" data-widget_type=\"image.default\">\n\t\t\t\t<div class=\"elementor-widget-container\">\n\t\t\t\t\t\t\t\t\t\t\t\t\t\t\t<img loading=\"lazy\" decoding=\"async\" width=\"768\" height=\"512\" src=\"https:\/\/aroga.com.br\/wp-content\/uploads\/2023\/08\/pexels-fox-1595385-768x512.jpg\" class=\"attachment-medium_large size-medium_large wp-image-1426\" alt=\"\" srcset=\"https:\/\/aroga.com.br\/wp-content\/uploads\/2023\/08\/pexels-fox-1595385-768x512.jpg 768w, https:\/\/aroga.com.br\/wp-content\/uploads\/2023\/08\/pexels-fox-1595385-300x200.jpg 300w, https:\/\/aroga.com.br\/wp-content\/uploads\/2023\/08\/pexels-fox-1595385-1024x683.jpg 1024w, https:\/\/aroga.com.br\/wp-content\/uploads\/2023\/08\/pexels-fox-1595385-1536x1024.jpg 1536w, https:\/\/aroga.com.br\/wp-content\/uploads\/2023\/08\/pexels-fox-1595385-2048x1365.jpg 2048w\" sizes=\"(max-width: 768px) 100vw, 768px\" \/>\t\t\t\t\t\t\t\t\t\t\t\t\t\t\t<\/div>\n\t\t\t\t<\/div>\n\t\t\t\t\t<\/div>\n\t\t<\/div>\n\t\t\t\t<div class=\"elementor-column elementor-col-50 elementor-top-column elementor-element elementor-element-807a50a\" data-id=\"807a50a\" data-element_type=\"column\">\n\t\t\t<div class=\"elementor-widget-wrap elementor-element-populated\">\n\t\t\t\t\t\t\t\t<div class=\"elementor-element elementor-element-51a2819 elementor-widget elementor-widget-heading\" data-id=\"51a2819\" data-element_type=\"widget\" data-widget_type=\"heading.default\">\n\t\t\t\t<div class=\"elementor-widget-container\">\n\t\t\t<h2 class=\"elementor-heading-title elementor-size-default\">Wir k\u00fcmmern uns darum<\/h2>\t\t<\/div>\n\t\t\t\t<\/div>\n\t\t\t\t<div class=\"elementor-element elementor-element-1dfcc67 elementor-widget elementor-widget-text-editor\" data-id=\"1dfcc67\" data-element_type=\"widget\" data-widget_type=\"text-editor.default\">\n\t\t\t\t<div class=\"elementor-widget-container\">\n\t\t\t\t\t\t\t<p>Unser IT-Beratungsdienst bietet Unternehmen, die sich in der komplexen Welt der Technologie zurechtfinden wollen, eine spezielle Beratung. Mit einem engagierten Team von Fachleuten bewerten wir Ihre aktuelle IT-Infrastruktur, ermitteln Herausforderungen und empfehlen ma\u00dfgeschneiderte L\u00f6sungen zur Verbesserung von Effizienz und Sicherheit. Von der Software-Integration bis hin zur strategischen Planung ist unser Service darauf ausgerichtet, Ihre Technologie mit den Zielen Ihres Unternehmens in Einklang zu bringen und sicherzustellen, dass Sie fundierte Entscheidungen treffen, um in der heutigen digitalen Landschaft die Nase vorn zu haben. Arbeiten Sie mit uns zusammen, um das wahre Potenzial der Technologie f\u00fcr das Wachstum und den Erfolg Ihres Unternehmens zu erschlie\u00dfen.<\/p>\t\t\t\t\t\t<\/div>\n\t\t\t\t<\/div>\n\t\t\t\t<div class=\"elementor-element elementor-element-03b1458 elementor-align-center elementor-widget elementor-widget-button\" data-id=\"03b1458\" data-element_type=\"widget\" data-widget_type=\"button.default\">\n\t\t\t\t<div class=\"elementor-widget-container\">\n\t\t\t\t\t<div class=\"elementor-button-wrapper\">\n\t\t\t<a class=\"elementor-button elementor-button-link elementor-size-sm\" href=\"https:\/\/aroga.com.br\/?page_id=445\">\n\t\t\t\t\t\t<span class=\"elementor-button-content-wrapper\">\n\t\t\t\t\t\t<span class=\"elementor-button-text\">Kontaktiere Uns<\/span>\n\t\t<\/span>\n\t\t\t\t\t<\/a>\n\t\t<\/div>\n\t\t\t\t<\/div>\n\t\t\t\t<\/div>\n\t\t\t\t\t<\/div>\n\t\t<\/div>\n\t\t\t\t\t\t\t<\/div>\n\t\t<\/section>\n\t\t\t\t\t\t\t<\/div>\n\t\t","protected":false},"excerpt":{"rendered":"<p>Eine Webseite erstellen Die Entwicklung einer eigenen Website ist der Schl\u00fcssel zu mehr Sichtbarkeit und Bekanntheit Ihres Angebots. Durch eine Online-Pr\u00e4senz wird Ihre Marke f\u00fcr ein breiteres Publikum zug\u00e4nglich, wodurch sich die Reichweite Ihres Unternehmens erh\u00f6ht. Eine gut gestaltete Website informiert nicht nur \u00fcber Ihre Produkte oder Dienstleistungen, sondern stellt auch eine direkte Verbindung zu [&hellip;]<\/p>\n","protected":false},"author":1,"featured_media":0,"parent":0,"menu_order":0,"comment_status":"closed","ping_status":"closed","template":"","meta":{"footnotes":""},"class_list":["post-1525","page","type-page","status-publish","hentry","entry"],"aioseo_notices":[],"_links":{"self":[{"href":"https:\/\/aroga.com.br\/index.php?rest_route=\/wp\/v2\/pages\/1525"}],"collection":[{"href":"https:\/\/aroga.com.br\/index.php?rest_route=\/wp\/v2\/pages"}],"about":[{"href":"https:\/\/aroga.com.br\/index.php?rest_route=\/wp\/v2\/types\/page"}],"author":[{"embeddable":true,"href":"https:\/\/aroga.com.br\/index.php?rest_route=\/wp\/v2\/users\/1"}],"replies":[{"embeddable":true,"href":"https:\/\/aroga.com.br\/index.php?rest_route=%2Fwp%2Fv2%2Fcomments&post=1525"}],"version-history":[{"count":8,"href":"https:\/\/aroga.com.br\/index.php?rest_route=\/wp\/v2\/pages\/1525\/revisions"}],"predecessor-version":[{"id":1572,"href":"https:\/\/aroga.com.br\/index.php?rest_route=\/wp\/v2\/pages\/1525\/revisions\/1572"}],"wp:attachment":[{"href":"https:\/\/aroga.com.br\/index.php?rest_route=%2Fwp%2Fv2%2Fmedia&parent=1525"}],"curies":[{"name":"wp","href":"https:\/\/api.w.org\/{rel}","templated":true}]}}